{"id":32532,"date":"2022-05-20T12:36:16","date_gmt":"2022-05-20T12:36:16","guid":{"rendered":"https:\/\/www.mchale.net\/products\/c490-balabonto\/"},"modified":"2023-04-12T15:33:31","modified_gmt":"2023-04-12T15:33:31","slug":"c490-balabonto","status":"publish","type":"product","link":"https:\/\/www.mchale.net\/hu\/products\/c490-balabonto\/","title":{"rendered":"C490 vontatott"},"content":{"rendered":"<p>b\u00e1labont\u00f3-kioszt\u00f3<\/p>\n","protected":false},"excerpt":{"rendered":"<p>b\u00e1labont\u00f3-kioszt\u00f3<\/p>\n","protected":false},"author":1,"featured_media":14791,"menu_order":6,"comment_status":"open","ping_status":"open","template":"","format":"standard","meta":{"_acf_changed":false,"footnotes":""},"product-categories":[220],"class_list":["post-32532","product","type-product","status-publish","format-standard","has-post-thumbnail","hentry","product-categories-straw-blower-bale-feeder-range-hu"],"acf":[],"_links":{"self":[{"href":"https:\/\/www.mchale.net\/hu\/wp-json\/wp\/v2\/product\/32532","targetHints":{"allow":["GET"]}}],"collection":[{"href":"https:\/\/www.mchale.net\/hu\/wp-json\/wp\/v2\/product"}],"about":[{"href":"https:\/\/www.mchale.net\/hu\/wp-json\/wp\/v2\/types\/product"}],"author":[{"embeddable":true,"href":"https:\/\/www.mchale.net\/hu\/wp-json\/wp\/v2\/users\/1"}],"replies":[{"embeddable":true,"href":"https:\/\/www.mchale.net\/hu\/wp-json\/wp\/v2\/comments?post=32532"}],"version-history":[{"count":7,"href":"https:\/\/www.mchale.net\/hu\/wp-json\/wp\/v2\/product\/32532\/revisions"}],"predecessor-version":[{"id":68003,"href":"https:\/\/www.mchale.net\/hu\/wp-json\/wp\/v2\/product\/32532\/revisions\/68003"}],"wp:featuredmedia":[{"embeddable":true,"href":"https:\/\/www.mchale.net\/hu\/wp-json\/wp\/v2\/media\/14791"}],"wp:attachment":[{"href":"https:\/\/www.mchale.net\/hu\/wp-json\/wp\/v2\/media?parent=32532"}],"wp:term":[{"taxonomy":"product-categories","embeddable":true,"href":"https:\/\/www.mchale.net\/hu\/wp-json\/wp\/v2\/product-categories?post=32532"}],"curies":[{"name":"wp","href":"https:\/\/api.w.org\/{rel}","templated":true}]}}