{"id":32535,"date":"2022-05-20T10:13:22","date_gmt":"2022-05-20T10:13:22","guid":{"rendered":"https:\/\/www.mchale.net\/products\/c430-3-pont-fuggesztesu\/"},"modified":"2023-04-12T15:32:33","modified_gmt":"2023-04-12T15:32:33","slug":"c430-3-pont-fuggesztesu","status":"publish","type":"product","link":"https:\/\/www.mchale.net\/hu\/products\/c430-3-pont-fuggesztesu\/","title":{"rendered":"C430 f\u00fcggesztett"},"content":{"rendered":"<p>b\u00e1labont\u00f3-kioszt\u00f3<\/p>\n","protected":false},"excerpt":{"rendered":"<p>b\u00e1labont\u00f3-kioszt\u00f3<\/p>\n","protected":false},"author":1,"featured_media":13975,"menu_order":3,"comment_status":"open","ping_status":"open","template":"","format":"standard","meta":{"_acf_changed":false,"footnotes":""},"product-categories":[220],"class_list":["post-32535","product","type-product","status-publish","format-standard","has-post-thumbnail","hentry","product-categories-straw-blower-bale-feeder-range-hu"],"acf":[],"_links":{"self":[{"href":"https:\/\/www.mchale.net\/hu\/wp-json\/wp\/v2\/product\/32535","targetHints":{"allow":["GET"]}}],"collection":[{"href":"https:\/\/www.mchale.net\/hu\/wp-json\/wp\/v2\/product"}],"about":[{"href":"https:\/\/www.mchale.net\/hu\/wp-json\/wp\/v2\/types\/product"}],"author":[{"embeddable":true,"href":"https:\/\/www.mchale.net\/hu\/wp-json\/wp\/v2\/users\/1"}],"replies":[{"embeddable":true,"href":"https:\/\/www.mchale.net\/hu\/wp-json\/wp\/v2\/comments?post=32535"}],"version-history":[{"count":7,"href":"https:\/\/www.mchale.net\/hu\/wp-json\/wp\/v2\/product\/32535\/revisions"}],"predecessor-version":[{"id":68000,"href":"https:\/\/www.mchale.net\/hu\/wp-json\/wp\/v2\/product\/32535\/revisions\/68000"}],"wp:featuredmedia":[{"embeddable":true,"href":"https:\/\/www.mchale.net\/hu\/wp-json\/wp\/v2\/media\/13975"}],"wp:attachment":[{"href":"https:\/\/www.mchale.net\/hu\/wp-json\/wp\/v2\/media?parent=32535"}],"wp:term":[{"taxonomy":"product-categories","embeddable":true,"href":"https:\/\/www.mchale.net\/hu\/wp-json\/wp\/v2\/product-categories?post=32535"}],"curies":[{"name":"wp","href":"https:\/\/api.w.org\/{rel}","templated":true}]}}