{"id":33864,"date":"2022-05-13T13:00:29","date_gmt":"2022-05-13T13:00:29","guid":{"rendered":"https:\/\/www.mchale.net\/products\/998\/"},"modified":"2022-12-13T17:00:43","modified_gmt":"2022-12-13T17:00:43","slug":"998","status":"publish","type":"product","link":"https:\/\/www.mchale.net\/hu\/products\/998\/","title":{"rendered":"998"},"content":{"rendered":"<p>N\u00e9gyzet alak\u00fa b\u00e1lacsomagol\u00f3<\/p>\n","protected":false},"excerpt":{"rendered":"<p>N\u00e9gyzet alak\u00fa b\u00e1lacsomagol\u00f3<\/p>\n","protected":false},"author":3,"featured_media":16055,"menu_order":48,"comment_status":"open","ping_status":"open","template":"","format":"standard","meta":{"_acf_changed":false,"footnotes":""},"product-categories":[234],"class_list":["post-33864","product","type-product","status-publish","format-standard","has-post-thumbnail","hentry","product-categories-square-bale-wrappers-hu"],"acf":[],"_links":{"self":[{"href":"https:\/\/www.mchale.net\/hu\/wp-json\/wp\/v2\/product\/33864","targetHints":{"allow":["GET"]}}],"collection":[{"href":"https:\/\/www.mchale.net\/hu\/wp-json\/wp\/v2\/product"}],"about":[{"href":"https:\/\/www.mchale.net\/hu\/wp-json\/wp\/v2\/types\/product"}],"author":[{"embeddable":true,"href":"https:\/\/www.mchale.net\/hu\/wp-json\/wp\/v2\/users\/3"}],"replies":[{"embeddable":true,"href":"https:\/\/www.mchale.net\/hu\/wp-json\/wp\/v2\/comments?post=33864"}],"version-history":[{"count":1,"href":"https:\/\/www.mchale.net\/hu\/wp-json\/wp\/v2\/product\/33864\/revisions"}],"predecessor-version":[{"id":37644,"href":"https:\/\/www.mchale.net\/hu\/wp-json\/wp\/v2\/product\/33864\/revisions\/37644"}],"wp:featuredmedia":[{"embeddable":true,"href":"https:\/\/www.mchale.net\/hu\/wp-json\/wp\/v2\/media\/16055"}],"wp:attachment":[{"href":"https:\/\/www.mchale.net\/hu\/wp-json\/wp\/v2\/media?parent=33864"}],"wp:term":[{"taxonomy":"product-categories","embeddable":true,"href":"https:\/\/www.mchale.net\/hu\/wp-json\/wp\/v2\/product-categories?post=33864"}],"curies":[{"name":"wp","href":"https:\/\/api.w.org\/{rel}","templated":true}]}}