{"id":33865,"date":"2022-05-13T12:50:11","date_gmt":"2022-05-13T12:50:11","guid":{"rendered":"https:\/\/www.mchale.net\/products\/998-nagy-sebesseg\/"},"modified":"2022-12-13T17:01:02","modified_gmt":"2022-12-13T17:01:02","slug":"998-nagy-sebesseg","status":"publish","type":"product","link":"https:\/\/www.mchale.net\/hu\/products\/998-nagy-sebesseg\/","title":{"rendered":"998 Nagy sebess\u00e9g"},"content":{"rendered":"<p>N\u00e9gyzet alak\u00fa b\u00e1lacsomagol\u00f3<\/p>\n","protected":false},"excerpt":{"rendered":"<p>N\u00e9gyzet alak\u00fa b\u00e1lacsomagol\u00f3<\/p>\n","protected":false},"author":3,"featured_media":16029,"menu_order":49,"comment_status":"open","ping_status":"open","template":"","format":"standard","meta":{"_acf_changed":false,"footnotes":""},"product-categories":[234],"class_list":["post-33865","product","type-product","status-publish","format-standard","has-post-thumbnail","hentry","product-categories-square-bale-wrappers-hu"],"acf":[],"_links":{"self":[{"href":"https:\/\/www.mchale.net\/hu\/wp-json\/wp\/v2\/product\/33865","targetHints":{"allow":["GET"]}}],"collection":[{"href":"https:\/\/www.mchale.net\/hu\/wp-json\/wp\/v2\/product"}],"about":[{"href":"https:\/\/www.mchale.net\/hu\/wp-json\/wp\/v2\/types\/product"}],"author":[{"embeddable":true,"href":"https:\/\/www.mchale.net\/hu\/wp-json\/wp\/v2\/users\/3"}],"replies":[{"embeddable":true,"href":"https:\/\/www.mchale.net\/hu\/wp-json\/wp\/v2\/comments?post=33865"}],"version-history":[{"count":1,"href":"https:\/\/www.mchale.net\/hu\/wp-json\/wp\/v2\/product\/33865\/revisions"}],"predecessor-version":[{"id":37645,"href":"https:\/\/www.mchale.net\/hu\/wp-json\/wp\/v2\/product\/33865\/revisions\/37645"}],"wp:featuredmedia":[{"embeddable":true,"href":"https:\/\/www.mchale.net\/hu\/wp-json\/wp\/v2\/media\/16029"}],"wp:attachment":[{"href":"https:\/\/www.mchale.net\/hu\/wp-json\/wp\/v2\/media?parent=33865"}],"wp:term":[{"taxonomy":"product-categories","embeddable":true,"href":"https:\/\/www.mchale.net\/hu\/wp-json\/wp\/v2\/product-categories?post=33865"}],"curies":[{"name":"wp","href":"https:\/\/api.w.org\/{rel}","templated":true}]}}