{"id":33870,"date":"2022-04-07T08:01:36","date_gmt":"2022-04-07T08:01:36","guid":{"rendered":"https:\/\/www.mchale.net\/products\/f5600-plus\/"},"modified":"2023-03-10T14:52:45","modified_gmt":"2023-03-10T14:52:45","slug":"f5600-plus","status":"publish","type":"product","link":"https:\/\/www.mchale.net\/hu\/products\/f5600-plus\/","title":{"rendered":"F5600 Plus"},"content":{"rendered":"<p>F\u00f3liak\u00f6t\u00f6z\u0151s b\u00e1l\u00e1z\u00f3<\/p>\n","protected":false},"excerpt":{"rendered":"<p>F\u00f3liak\u00f6t\u00f6z\u0151s b\u00e1l\u00e1z\u00f3<\/p>\n","protected":false},"author":3,"featured_media":15977,"menu_order":61,"comment_status":"open","ping_status":"open","template":"","format":"standard","meta":{"_acf_changed":false,"footnotes":""},"product-categories":[184],"class_list":["post-33870","product","type-product","status-publish","format-standard","has-post-thumbnail","hentry","product-categories-fixed-chamber-round-balers-hu"],"acf":[],"_links":{"self":[{"href":"https:\/\/www.mchale.net\/hu\/wp-json\/wp\/v2\/product\/33870","targetHints":{"allow":["GET"]}}],"collection":[{"href":"https:\/\/www.mchale.net\/hu\/wp-json\/wp\/v2\/product"}],"about":[{"href":"https:\/\/www.mchale.net\/hu\/wp-json\/wp\/v2\/types\/product"}],"author":[{"embeddable":true,"href":"https:\/\/www.mchale.net\/hu\/wp-json\/wp\/v2\/users\/3"}],"replies":[{"embeddable":true,"href":"https:\/\/www.mchale.net\/hu\/wp-json\/wp\/v2\/comments?post=33870"}],"version-history":[{"count":4,"href":"https:\/\/www.mchale.net\/hu\/wp-json\/wp\/v2\/product\/33870\/revisions"}],"predecessor-version":[{"id":63679,"href":"https:\/\/www.mchale.net\/hu\/wp-json\/wp\/v2\/product\/33870\/revisions\/63679"}],"wp:featuredmedia":[{"embeddable":true,"href":"https:\/\/www.mchale.net\/hu\/wp-json\/wp\/v2\/media\/15977"}],"wp:attachment":[{"href":"https:\/\/www.mchale.net\/hu\/wp-json\/wp\/v2\/media?parent=33870"}],"wp:term":[{"taxonomy":"product-categories","embeddable":true,"href":"https:\/\/www.mchale.net\/hu\/wp-json\/wp\/v2\/product-categories?post=33870"}],"curies":[{"name":"wp","href":"https:\/\/api.w.org\/{rel}","templated":true}]}}