{"id":34190,"date":"2022-05-18T15:05:57","date_gmt":"2022-05-18T15:05:57","guid":{"rendered":"https:\/\/www.mchale.net\/products\/r3100-hatso-funyiro\/"},"modified":"2023-04-14T06:58:55","modified_gmt":"2023-04-14T06:58:55","slug":"r3100-hatso-funyiro","status":"publish","type":"product","link":"https:\/\/www.mchale.net\/hu\/products\/r3100-hatso-funyiro\/","title":{"rendered":"R3100 h\u00e1ts\u00f3 f\u0171kasza"},"content":{"rendered":"<p>Pro Glide f\u0171kasza<\/p>\n","protected":false},"excerpt":{"rendered":"<p>Pro Glide f\u0171kasza<\/p>\n","protected":false},"author":3,"featured_media":16172,"menu_order":17,"comment_status":"open","ping_status":"open","template":"","format":"standard","meta":{"_acf_changed":false,"footnotes":""},"product-categories":[481],"class_list":["post-34190","product","type-product","status-publish","format-standard","has-post-thumbnail","hentry","product-categories-pro-glide-mowers-hu"],"acf":[],"_links":{"self":[{"href":"https:\/\/www.mchale.net\/hu\/wp-json\/wp\/v2\/product\/34190","targetHints":{"allow":["GET"]}}],"collection":[{"href":"https:\/\/www.mchale.net\/hu\/wp-json\/wp\/v2\/product"}],"about":[{"href":"https:\/\/www.mchale.net\/hu\/wp-json\/wp\/v2\/types\/product"}],"author":[{"embeddable":true,"href":"https:\/\/www.mchale.net\/hu\/wp-json\/wp\/v2\/users\/3"}],"replies":[{"embeddable":true,"href":"https:\/\/www.mchale.net\/hu\/wp-json\/wp\/v2\/comments?post=34190"}],"version-history":[{"count":3,"href":"https:\/\/www.mchale.net\/hu\/wp-json\/wp\/v2\/product\/34190\/revisions"}],"predecessor-version":[{"id":68041,"href":"https:\/\/www.mchale.net\/hu\/wp-json\/wp\/v2\/product\/34190\/revisions\/68041"}],"wp:featuredmedia":[{"embeddable":true,"href":"https:\/\/www.mchale.net\/hu\/wp-json\/wp\/v2\/media\/16172"}],"wp:attachment":[{"href":"https:\/\/www.mchale.net\/hu\/wp-json\/wp\/v2\/media?parent=34190"}],"wp:term":[{"taxonomy":"product-categories","embeddable":true,"href":"https:\/\/www.mchale.net\/hu\/wp-json\/wp\/v2\/product-categories?post=34190"}],"curies":[{"name":"wp","href":"https:\/\/api.w.org\/{rel}","templated":true}]}}