{"id":34192,"date":"2022-08-04T11:43:38","date_gmt":"2022-08-04T11:43:38","guid":{"rendered":"https:\/\/www.mchale.net\/products\/b9000-kombinalt-funyiro\/"},"modified":"2023-08-31T08:58:53","modified_gmt":"2023-08-31T08:58:53","slug":"b9000-kombinalt-funyiro","status":"publish","type":"product","link":"https:\/\/www.mchale.net\/hu\/products\/b9000-kombinalt-funyiro\/","title":{"rendered":"B9000 kombin\u00e1lt f\u0171kasza"},"content":{"rendered":"<p>Pro Glide f\u0171kasza<\/p>\n","protected":false},"excerpt":{"rendered":"<p>Pro Glide f\u0171kasza<\/p>\n","protected":false},"author":5,"featured_media":29987,"menu_order":18,"comment_status":"open","ping_status":"open","template":"","format":"standard","meta":{"_acf_changed":false,"footnotes":""},"product-categories":[481],"class_list":["post-34192","product","type-product","status-publish","format-standard","has-post-thumbnail","hentry","product-categories-pro-glide-mowers-hu"],"acf":[],"_links":{"self":[{"href":"https:\/\/www.mchale.net\/hu\/wp-json\/wp\/v2\/product\/34192","targetHints":{"allow":["GET"]}}],"collection":[{"href":"https:\/\/www.mchale.net\/hu\/wp-json\/wp\/v2\/product"}],"about":[{"href":"https:\/\/www.mchale.net\/hu\/wp-json\/wp\/v2\/types\/product"}],"author":[{"embeddable":true,"href":"https:\/\/www.mchale.net\/hu\/wp-json\/wp\/v2\/users\/5"}],"replies":[{"embeddable":true,"href":"https:\/\/www.mchale.net\/hu\/wp-json\/wp\/v2\/comments?post=34192"}],"version-history":[{"count":4,"href":"https:\/\/www.mchale.net\/hu\/wp-json\/wp\/v2\/product\/34192\/revisions"}],"predecessor-version":[{"id":71744,"href":"https:\/\/www.mchale.net\/hu\/wp-json\/wp\/v2\/product\/34192\/revisions\/71744"}],"wp:featuredmedia":[{"embeddable":true,"href":"https:\/\/www.mchale.net\/hu\/wp-json\/wp\/v2\/media\/29987"}],"wp:attachment":[{"href":"https:\/\/www.mchale.net\/hu\/wp-json\/wp\/v2\/media?parent=34192"}],"wp:term":[{"taxonomy":"product-categories","embeddable":true,"href":"https:\/\/www.mchale.net\/hu\/wp-json\/wp\/v2\/product-categories?post=34192"}],"curies":[{"name":"wp","href":"https:\/\/api.w.org\/{rel}","templated":true}]}}