{"id":34194,"date":"2022-05-18T13:41:50","date_gmt":"2022-05-18T13:41:50","guid":{"rendered":"https:\/\/www.mchale.net\/products\/991-lb-egyadagos-adagolo\/"},"modified":"2023-04-06T14:04:51","modified_gmt":"2023-04-06T14:04:51","slug":"991-lb-egyadagos-adagolo","status":"publish","type":"product","link":"https:\/\/www.mchale.net\/hu\/products\/991-lb-egyadagos-adagolo\/","title":{"rendered":"991 LB egy-f\u00f3liaadagol\u00f3s"},"content":{"rendered":"<p>f\u00fcggesztett k\u00f6rb\u00e1la-csomagol\u00f3<\/p>\n","protected":false},"excerpt":{"rendered":"<p>f\u00fcggesztett k\u00f6rb\u00e1la-csomagol\u00f3<\/p>\n","protected":false},"author":1,"featured_media":16617,"menu_order":7,"comment_status":"open","ping_status":"open","template":"","format":"standard","meta":{"_acf_changed":false,"footnotes":""},"product-categories":[1800],"class_list":["post-34194","product","type-product","status-publish","format-standard","has-post-thumbnail","hentry","product-categories-991l-hu"],"acf":[],"_links":{"self":[{"href":"https:\/\/www.mchale.net\/hu\/wp-json\/wp\/v2\/product\/34194","targetHints":{"allow":["GET"]}}],"collection":[{"href":"https:\/\/www.mchale.net\/hu\/wp-json\/wp\/v2\/product"}],"about":[{"href":"https:\/\/www.mchale.net\/hu\/wp-json\/wp\/v2\/types\/product"}],"author":[{"embeddable":true,"href":"https:\/\/www.mchale.net\/hu\/wp-json\/wp\/v2\/users\/1"}],"replies":[{"embeddable":true,"href":"https:\/\/www.mchale.net\/hu\/wp-json\/wp\/v2\/comments?post=34194"}],"version-history":[{"count":4,"href":"https:\/\/www.mchale.net\/hu\/wp-json\/wp\/v2\/product\/34194\/revisions"}],"predecessor-version":[{"id":67978,"href":"https:\/\/www.mchale.net\/hu\/wp-json\/wp\/v2\/product\/34194\/revisions\/67978"}],"wp:featuredmedia":[{"embeddable":true,"href":"https:\/\/www.mchale.net\/hu\/wp-json\/wp\/v2\/media\/16617"}],"wp:attachment":[{"href":"https:\/\/www.mchale.net\/hu\/wp-json\/wp\/v2\/media?parent=34194"}],"wp:term":[{"taxonomy":"product-categories","embeddable":true,"href":"https:\/\/www.mchale.net\/hu\/wp-json\/wp\/v2\/product-categories?post=34194"}],"curies":[{"name":"wp","href":"https:\/\/api.w.org\/{rel}","templated":true}]}}