{"id":34197,"date":"2022-05-18T15:25:06","date_gmt":"2022-05-18T15:25:06","guid":{"rendered":"https:\/\/www.mchale.net\/products\/991-tber-egyadagos-adagolo\/"},"modified":"2023-04-06T14:15:33","modified_gmt":"2023-04-06T14:15:33","slug":"991-tber-egyadagos-adagolo","status":"publish","type":"product","link":"https:\/\/www.mchale.net\/hu\/products\/991-tber-egyadagos-adagolo\/","title":{"rendered":"991 TBER egy-f\u00f3liaadagol\u00f3s"},"content":{"rendered":"<p>vontatott k\u00f6rb\u00e1la-csomagol\u00f3<\/p>\n","protected":false},"excerpt":{"rendered":"<p>vontatott k\u00f6rb\u00e1la-csomagol\u00f3<\/p>\n","protected":false},"author":1,"featured_media":16643,"menu_order":10,"comment_status":"open","ping_status":"open","template":"","format":"standard","meta":{"_acf_changed":false,"footnotes":""},"product-categories":[1800],"class_list":["post-34197","product","type-product","status-publish","format-standard","has-post-thumbnail","hentry","product-categories-991l-hu"],"acf":[],"_links":{"self":[{"href":"https:\/\/www.mchale.net\/hu\/wp-json\/wp\/v2\/product\/34197","targetHints":{"allow":["GET"]}}],"collection":[{"href":"https:\/\/www.mchale.net\/hu\/wp-json\/wp\/v2\/product"}],"about":[{"href":"https:\/\/www.mchale.net\/hu\/wp-json\/wp\/v2\/types\/product"}],"author":[{"embeddable":true,"href":"https:\/\/www.mchale.net\/hu\/wp-json\/wp\/v2\/users\/1"}],"replies":[{"embeddable":true,"href":"https:\/\/www.mchale.net\/hu\/wp-json\/wp\/v2\/comments?post=34197"}],"version-history":[{"count":3,"href":"https:\/\/www.mchale.net\/hu\/wp-json\/wp\/v2\/product\/34197\/revisions"}],"predecessor-version":[{"id":67991,"href":"https:\/\/www.mchale.net\/hu\/wp-json\/wp\/v2\/product\/34197\/revisions\/67991"}],"wp:featuredmedia":[{"embeddable":true,"href":"https:\/\/www.mchale.net\/hu\/wp-json\/wp\/v2\/media\/16643"}],"wp:attachment":[{"href":"https:\/\/www.mchale.net\/hu\/wp-json\/wp\/v2\/media?parent=34197"}],"wp:term":[{"taxonomy":"product-categories","embeddable":true,"href":"https:\/\/www.mchale.net\/hu\/wp-json\/wp\/v2\/product-categories?post=34197"}],"curies":[{"name":"wp","href":"https:\/\/api.w.org\/{rel}","templated":true}]}}