{"id":34198,"date":"2022-05-19T08:13:31","date_gmt":"2022-05-19T08:13:31","guid":{"rendered":"https:\/\/www.mchale.net\/products\/991-bc-kabelvezerles\/"},"modified":"2023-04-06T14:17:05","modified_gmt":"2023-04-06T14:17:05","slug":"991-bc-kabelvezerles","status":"publish","type":"product","link":"https:\/\/www.mchale.net\/hu\/products\/991-bc-kabelvezerles\/","title":{"rendered":"991 BC bowden vez\u00e9rl\u00e9s\u0171"},"content":{"rendered":"<p>vontatott k\u00f6rb\u00e1la-csomagol\u00f3<\/p>\n","protected":false},"excerpt":{"rendered":"<p>vontatott k\u00f6rb\u00e1la-csomagol\u00f3<\/p>\n","protected":false},"author":4,"featured_media":12007,"menu_order":11,"comment_status":"open","ping_status":"open","template":"","format":"standard","meta":{"_acf_changed":false,"footnotes":""},"product-categories":[1787],"class_list":["post-34198","product","type-product","status-publish","format-standard","has-post-thumbnail","hentry","product-categories-991b-hu"],"acf":[],"_links":{"self":[{"href":"https:\/\/www.mchale.net\/hu\/wp-json\/wp\/v2\/product\/34198","targetHints":{"allow":["GET"]}}],"collection":[{"href":"https:\/\/www.mchale.net\/hu\/wp-json\/wp\/v2\/product"}],"about":[{"href":"https:\/\/www.mchale.net\/hu\/wp-json\/wp\/v2\/types\/product"}],"author":[{"embeddable":true,"href":"https:\/\/www.mchale.net\/hu\/wp-json\/wp\/v2\/users\/4"}],"replies":[{"embeddable":true,"href":"https:\/\/www.mchale.net\/hu\/wp-json\/wp\/v2\/comments?post=34198"}],"version-history":[{"count":4,"href":"https:\/\/www.mchale.net\/hu\/wp-json\/wp\/v2\/product\/34198\/revisions"}],"predecessor-version":[{"id":67992,"href":"https:\/\/www.mchale.net\/hu\/wp-json\/wp\/v2\/product\/34198\/revisions\/67992"}],"wp:featuredmedia":[{"embeddable":true,"href":"https:\/\/www.mchale.net\/hu\/wp-json\/wp\/v2\/media\/12007"}],"wp:attachment":[{"href":"https:\/\/www.mchale.net\/hu\/wp-json\/wp\/v2\/media?parent=34198"}],"wp:term":[{"taxonomy":"product-categories","embeddable":true,"href":"https:\/\/www.mchale.net\/hu\/wp-json\/wp\/v2\/product-categories?post=34198"}],"curies":[{"name":"wp","href":"https:\/\/api.w.org\/{rel}","templated":true}]}}