{"id":34199,"date":"2022-05-20T11:29:10","date_gmt":"2022-05-20T11:29:10","guid":{"rendered":"https:\/\/www.mchale.net\/products\/991-bjs-szervo-joystick\/"},"modified":"2023-04-06T14:17:32","modified_gmt":"2023-04-06T14:17:32","slug":"991-bjs-szervo-joystick","status":"publish","type":"product","link":"https:\/\/www.mchale.net\/hu\/products\/991-bjs-szervo-joystick\/","title":{"rendered":"991 BJS szervo joystick vez\u00e9rl\u00e9s\u0171"},"content":{"rendered":"<p>vontatott k\u00f6rb\u00e1la-csomagol\u00f3<\/p>\n","protected":false},"excerpt":{"rendered":"<p>vontatott k\u00f6rb\u00e1la-csomagol\u00f3<\/p>\n","protected":false},"author":4,"featured_media":14428,"menu_order":12,"comment_status":"open","ping_status":"open","template":"","format":"standard","meta":{"_acf_changed":false,"footnotes":""},"product-categories":[1787],"class_list":["post-34199","product","type-product","status-publish","format-standard","has-post-thumbnail","hentry","product-categories-991b-hu"],"acf":[],"_links":{"self":[{"href":"https:\/\/www.mchale.net\/hu\/wp-json\/wp\/v2\/product\/34199","targetHints":{"allow":["GET"]}}],"collection":[{"href":"https:\/\/www.mchale.net\/hu\/wp-json\/wp\/v2\/product"}],"about":[{"href":"https:\/\/www.mchale.net\/hu\/wp-json\/wp\/v2\/types\/product"}],"author":[{"embeddable":true,"href":"https:\/\/www.mchale.net\/hu\/wp-json\/wp\/v2\/users\/4"}],"replies":[{"embeddable":true,"href":"https:\/\/www.mchale.net\/hu\/wp-json\/wp\/v2\/comments?post=34199"}],"version-history":[{"count":3,"href":"https:\/\/www.mchale.net\/hu\/wp-json\/wp\/v2\/product\/34199\/revisions"}],"predecessor-version":[{"id":67993,"href":"https:\/\/www.mchale.net\/hu\/wp-json\/wp\/v2\/product\/34199\/revisions\/67993"}],"wp:featuredmedia":[{"embeddable":true,"href":"https:\/\/www.mchale.net\/hu\/wp-json\/wp\/v2\/media\/14428"}],"wp:attachment":[{"href":"https:\/\/www.mchale.net\/hu\/wp-json\/wp\/v2\/media?parent=34199"}],"wp:term":[{"taxonomy":"product-categories","embeddable":true,"href":"https:\/\/www.mchale.net\/hu\/wp-json\/wp\/v2\/product-categories?post=34199"}],"curies":[{"name":"wp","href":"https:\/\/api.w.org\/{rel}","templated":true}]}}