{"id":34201,"date":"2022-05-18T10:55:49","date_gmt":"2022-05-18T10:55:49","guid":{"rendered":"https:\/\/www.mchale.net\/products\/orbitalis-iker-adagolo\/"},"modified":"2023-04-05T11:05:44","modified_gmt":"2023-04-05T11:05:44","slug":"orbital-iker-adagolo","status":"publish","type":"product","link":"https:\/\/www.mchale.net\/hu\/products\/orbital-iker-adagolo\/","title":{"rendered":"Orbital"},"content":{"rendered":"<p>Nagy sebess\u00e9g\u0171 k\u00f6rb\u00e1la-csomagol\u00f3<\/p>\n","protected":false},"excerpt":{"rendered":"<p>Nagy sebess\u00e9g\u0171 k\u00f6rb\u00e1la-csomagol\u00f3<\/p>\n","protected":false},"author":1,"featured_media":37668,"menu_order":15,"comment_status":"open","ping_status":"open","template":"","format":"standard","meta":{"_acf_changed":false,"footnotes":""},"product-categories":[208],"class_list":["post-34201","product","type-product","status-publish","format-standard","has-post-thumbnail","hentry","product-categories-round-bale-wrappers-hu"],"acf":[],"_links":{"self":[{"href":"https:\/\/www.mchale.net\/hu\/wp-json\/wp\/v2\/product\/34201","targetHints":{"allow":["GET"]}}],"collection":[{"href":"https:\/\/www.mchale.net\/hu\/wp-json\/wp\/v2\/product"}],"about":[{"href":"https:\/\/www.mchale.net\/hu\/wp-json\/wp\/v2\/types\/product"}],"author":[{"embeddable":true,"href":"https:\/\/www.mchale.net\/hu\/wp-json\/wp\/v2\/users\/1"}],"replies":[{"embeddable":true,"href":"https:\/\/www.mchale.net\/hu\/wp-json\/wp\/v2\/comments?post=34201"}],"version-history":[{"count":6,"href":"https:\/\/www.mchale.net\/hu\/wp-json\/wp\/v2\/product\/34201\/revisions"}],"predecessor-version":[{"id":67969,"href":"https:\/\/www.mchale.net\/hu\/wp-json\/wp\/v2\/product\/34201\/revisions\/67969"}],"wp:featuredmedia":[{"embeddable":true,"href":"https:\/\/www.mchale.net\/hu\/wp-json\/wp\/v2\/media\/37668"}],"wp:attachment":[{"href":"https:\/\/www.mchale.net\/hu\/wp-json\/wp\/v2\/media?parent=34201"}],"wp:term":[{"taxonomy":"product-categories","embeddable":true,"href":"https:\/\/www.mchale.net\/hu\/wp-json\/wp\/v2\/product-categories?post=34201"}],"curies":[{"name":"wp","href":"https:\/\/api.w.org\/{rel}","templated":true}]}}