{"id":34202,"date":"2022-05-20T12:53:31","date_gmt":"2022-05-20T12:53:31","guid":{"rendered":"https:\/\/www.mchale.net\/products\/991-nagy-sebesseg\/"},"modified":"2023-04-06T14:11:13","modified_gmt":"2023-04-06T14:11:13","slug":"991-nagy-sebesseg","status":"publish","type":"product","link":"https:\/\/www.mchale.net\/hu\/products\/991-nagy-sebesseg\/","title":{"rendered":"991 High Speed"},"content":{"rendered":"<p>Iker-f\u00f3liaadagol\u00f3s k\u00f6rb\u00e1la-csomagol\u00f3<\/p>\n","protected":false},"excerpt":{"rendered":"<p>Iker-f\u00f3liaadagol\u00f3s k\u00f6rb\u00e1la-csomagol\u00f3<\/p>\n","protected":false},"author":4,"featured_media":14842,"menu_order":14,"comment_status":"open","ping_status":"open","template":"","format":"standard","meta":{"_acf_changed":false,"footnotes":""},"product-categories":[208],"class_list":["post-34202","product","type-product","status-publish","format-standard","has-post-thumbnail","hentry","product-categories-round-bale-wrappers-hu"],"acf":[],"_links":{"self":[{"href":"https:\/\/www.mchale.net\/hu\/wp-json\/wp\/v2\/product\/34202","targetHints":{"allow":["GET"]}}],"collection":[{"href":"https:\/\/www.mchale.net\/hu\/wp-json\/wp\/v2\/product"}],"about":[{"href":"https:\/\/www.mchale.net\/hu\/wp-json\/wp\/v2\/types\/product"}],"author":[{"embeddable":true,"href":"https:\/\/www.mchale.net\/hu\/wp-json\/wp\/v2\/users\/4"}],"replies":[{"embeddable":true,"href":"https:\/\/www.mchale.net\/hu\/wp-json\/wp\/v2\/comments?post=34202"}],"version-history":[{"count":4,"href":"https:\/\/www.mchale.net\/hu\/wp-json\/wp\/v2\/product\/34202\/revisions"}],"predecessor-version":[{"id":67975,"href":"https:\/\/www.mchale.net\/hu\/wp-json\/wp\/v2\/product\/34202\/revisions\/67975"}],"wp:featuredmedia":[{"embeddable":true,"href":"https:\/\/www.mchale.net\/hu\/wp-json\/wp\/v2\/media\/14842"}],"wp:attachment":[{"href":"https:\/\/www.mchale.net\/hu\/wp-json\/wp\/v2\/media?parent=34202"}],"wp:term":[{"taxonomy":"product-categories","embeddable":true,"href":"https:\/\/www.mchale.net\/hu\/wp-json\/wp\/v2\/product-categories?post=34202"}],"curies":[{"name":"wp","href":"https:\/\/api.w.org\/{rel}","templated":true}]}}