{"id":35725,"date":"2022-05-16T07:40:31","date_gmt":"2022-05-16T07:40:31","guid":{"rendered":"https:\/\/www.mchale.net\/products\/691\/"},"modified":"2023-04-21T14:12:53","modified_gmt":"2023-04-21T14:12:53","slug":"691","status":"publish","type":"product","link":"https:\/\/www.mchale.net\/hu\/products\/691\/","title":{"rendered":"691"},"content":{"rendered":"<p>K\u00f6rb\u00e1lamozgat\u00f3<\/p>\n","protected":false},"excerpt":{"rendered":"<p>K\u00f6rb\u00e1lamozgat\u00f3<\/p>\n","protected":false},"author":3,"featured_media":16120,"menu_order":46,"comment_status":"open","ping_status":"open","template":"","format":"standard","meta":{"_acf_changed":false,"footnotes":""},"product-categories":[247],"class_list":["post-35725","product","type-product","status-publish","format-standard","has-post-thumbnail","hentry","product-categories-handling-equipment-hu"],"acf":[],"_links":{"self":[{"href":"https:\/\/www.mchale.net\/hu\/wp-json\/wp\/v2\/product\/35725","targetHints":{"allow":["GET"]}}],"collection":[{"href":"https:\/\/www.mchale.net\/hu\/wp-json\/wp\/v2\/product"}],"about":[{"href":"https:\/\/www.mchale.net\/hu\/wp-json\/wp\/v2\/types\/product"}],"author":[{"embeddable":true,"href":"https:\/\/www.mchale.net\/hu\/wp-json\/wp\/v2\/users\/3"}],"replies":[{"embeddable":true,"href":"https:\/\/www.mchale.net\/hu\/wp-json\/wp\/v2\/comments?post=35725"}],"version-history":[{"count":2,"href":"https:\/\/www.mchale.net\/hu\/wp-json\/wp\/v2\/product\/35725\/revisions"}],"predecessor-version":[{"id":68400,"href":"https:\/\/www.mchale.net\/hu\/wp-json\/wp\/v2\/product\/35725\/revisions\/68400"}],"wp:featuredmedia":[{"embeddable":true,"href":"https:\/\/www.mchale.net\/hu\/wp-json\/wp\/v2\/media\/16120"}],"wp:attachment":[{"href":"https:\/\/www.mchale.net\/hu\/wp-json\/wp\/v2\/media?parent=35725"}],"wp:term":[{"taxonomy":"product-categories","embeddable":true,"href":"https:\/\/www.mchale.net\/hu\/wp-json\/wp\/v2\/product-categories?post=35725"}],"curies":[{"name":"wp","href":"https:\/\/api.w.org\/{rel}","templated":true}]}}