{"id":36200,"date":"2022-11-17T11:04:02","date_gmt":"2022-11-17T11:04:02","guid":{"rendered":"https:\/\/www.mchale.net\/products\/fuzio-4\/"},"modified":"2023-05-04T07:05:33","modified_gmt":"2023-05-04T07:05:33","slug":"fusion-4","status":"publish","type":"product","link":"https:\/\/www.mchale.net\/hu\/products\/fusion-4\/","title":{"rendered":"Fusion 4"},"content":{"rendered":"<p>Kombin\u00e1lt b\u00e1l\u00e1z\u00f3-csomagol\u00f3<\/p>\n","protected":false},"excerpt":{"rendered":"<p>Kombin\u00e1lt b\u00e1l\u00e1z\u00f3-csomagol\u00f3<\/p>\n","protected":false},"author":5,"featured_media":32582,"menu_order":25,"comment_status":"open","ping_status":"open","template":"","format":"standard","meta":{"_acf_changed":false,"footnotes":""},"product-categories":[469],"class_list":["post-36200","product","type-product","status-publish","format-standard","has-post-thumbnail","hentry","product-categories-integrated-baler-wrappers-hu"],"acf":[],"_links":{"self":[{"href":"https:\/\/www.mchale.net\/hu\/wp-json\/wp\/v2\/product\/36200","targetHints":{"allow":["GET"]}}],"collection":[{"href":"https:\/\/www.mchale.net\/hu\/wp-json\/wp\/v2\/product"}],"about":[{"href":"https:\/\/www.mchale.net\/hu\/wp-json\/wp\/v2\/types\/product"}],"author":[{"embeddable":true,"href":"https:\/\/www.mchale.net\/hu\/wp-json\/wp\/v2\/users\/5"}],"replies":[{"embeddable":true,"href":"https:\/\/www.mchale.net\/hu\/wp-json\/wp\/v2\/comments?post=36200"}],"version-history":[{"count":10,"href":"https:\/\/www.mchale.net\/hu\/wp-json\/wp\/v2\/product\/36200\/revisions"}],"predecessor-version":[{"id":68496,"href":"https:\/\/www.mchale.net\/hu\/wp-json\/wp\/v2\/product\/36200\/revisions\/68496"}],"wp:featuredmedia":[{"embeddable":true,"href":"https:\/\/www.mchale.net\/hu\/wp-json\/wp\/v2\/media\/32582"}],"wp:attachment":[{"href":"https:\/\/www.mchale.net\/hu\/wp-json\/wp\/v2\/media?parent=36200"}],"wp:term":[{"taxonomy":"product-categories","embeddable":true,"href":"https:\/\/www.mchale.net\/hu\/wp-json\/wp\/v2\/product-categories?post=36200"}],"curies":[{"name":"wp","href":"https:\/\/api.w.org\/{rel}","templated":true}]}}