{"id":36575,"date":"2022-11-17T16:22:47","date_gmt":"2022-11-17T16:22:47","guid":{"rendered":"https:\/\/www.mchale.net\/products\/fusion-4-pro\/"},"modified":"2023-05-17T11:56:01","modified_gmt":"2023-05-17T11:56:01","slug":"fusion-4-pro","status":"publish","type":"product","link":"https:\/\/www.mchale.net\/hu\/products\/fusion-4-pro\/","title":{"rendered":"Fusion 4 Pro"},"content":{"rendered":"<p>Kombin\u00e1lt b\u00e1l\u00e1z\u00f3-csomagol\u00f3<\/p>\n","protected":false},"excerpt":{"rendered":"<p>Kombin\u00e1lt b\u00e1l\u00e1z\u00f3-csomagol\u00f3<\/p>\n","protected":false},"author":5,"featured_media":59816,"menu_order":26,"comment_status":"open","ping_status":"open","template":"","format":"standard","meta":{"_acf_changed":false,"footnotes":""},"product-categories":[469],"class_list":["post-36575","product","type-product","status-publish","format-standard","has-post-thumbnail","hentry","product-categories-integrated-baler-wrappers-hu"],"acf":[],"_links":{"self":[{"href":"https:\/\/www.mchale.net\/hu\/wp-json\/wp\/v2\/product\/36575","targetHints":{"allow":["GET"]}}],"collection":[{"href":"https:\/\/www.mchale.net\/hu\/wp-json\/wp\/v2\/product"}],"about":[{"href":"https:\/\/www.mchale.net\/hu\/wp-json\/wp\/v2\/types\/product"}],"author":[{"embeddable":true,"href":"https:\/\/www.mchale.net\/hu\/wp-json\/wp\/v2\/users\/5"}],"replies":[{"embeddable":true,"href":"https:\/\/www.mchale.net\/hu\/wp-json\/wp\/v2\/comments?post=36575"}],"version-history":[{"count":7,"href":"https:\/\/www.mchale.net\/hu\/wp-json\/wp\/v2\/product\/36575\/revisions"}],"predecessor-version":[{"id":69010,"href":"https:\/\/www.mchale.net\/hu\/wp-json\/wp\/v2\/product\/36575\/revisions\/69010"}],"wp:featuredmedia":[{"embeddable":true,"href":"https:\/\/www.mchale.net\/hu\/wp-json\/wp\/v2\/media\/59816"}],"wp:attachment":[{"href":"https:\/\/www.mchale.net\/hu\/wp-json\/wp\/v2\/media?parent=36575"}],"wp:term":[{"taxonomy":"product-categories","embeddable":true,"href":"https:\/\/www.mchale.net\/hu\/wp-json\/wp\/v2\/product-categories?post=36575"}],"curies":[{"name":"wp","href":"https:\/\/api.w.org\/{rel}","templated":true}]}}