{"id":36576,"date":"2022-11-18T10:10:03","date_gmt":"2022-11-18T10:10:03","guid":{"rendered":"https:\/\/www.mchale.net\/products\/fusion-4-plus\/"},"modified":"2023-05-17T14:24:37","modified_gmt":"2023-05-17T14:24:37","slug":"fusion-4-plus","status":"publish","type":"product","link":"https:\/\/www.mchale.net\/hu\/products\/fusion-4-plus\/","title":{"rendered":"Fusion 4 Plus"},"content":{"rendered":"<p>Kombin\u00e1lt b\u00e1l\u00e1z\u00f3-csomagol\u00f3<\/p>\n","protected":false},"excerpt":{"rendered":"<p>Kombin\u00e1lt b\u00e1l\u00e1z\u00f3-csomagol\u00f3<\/p>\n","protected":false},"author":5,"featured_media":32946,"menu_order":29,"comment_status":"open","ping_status":"open","template":"","format":"standard","meta":{"_acf_changed":false,"footnotes":""},"product-categories":[469],"class_list":["post-36576","product","type-product","status-publish","format-standard","has-post-thumbnail","hentry","product-categories-integrated-baler-wrappers-hu"],"acf":[],"_links":{"self":[{"href":"https:\/\/www.mchale.net\/hu\/wp-json\/wp\/v2\/product\/36576","targetHints":{"allow":["GET"]}}],"collection":[{"href":"https:\/\/www.mchale.net\/hu\/wp-json\/wp\/v2\/product"}],"about":[{"href":"https:\/\/www.mchale.net\/hu\/wp-json\/wp\/v2\/types\/product"}],"author":[{"embeddable":true,"href":"https:\/\/www.mchale.net\/hu\/wp-json\/wp\/v2\/users\/5"}],"replies":[{"embeddable":true,"href":"https:\/\/www.mchale.net\/hu\/wp-json\/wp\/v2\/comments?post=36576"}],"version-history":[{"count":6,"href":"https:\/\/www.mchale.net\/hu\/wp-json\/wp\/v2\/product\/36576\/revisions"}],"predecessor-version":[{"id":69018,"href":"https:\/\/www.mchale.net\/hu\/wp-json\/wp\/v2\/product\/36576\/revisions\/69018"}],"wp:featuredmedia":[{"embeddable":true,"href":"https:\/\/www.mchale.net\/hu\/wp-json\/wp\/v2\/media\/32946"}],"wp:attachment":[{"href":"https:\/\/www.mchale.net\/hu\/wp-json\/wp\/v2\/media?parent=36576"}],"wp:term":[{"taxonomy":"product-categories","embeddable":true,"href":"https:\/\/www.mchale.net\/hu\/wp-json\/wp\/v2\/product-categories?post=36576"}],"curies":[{"name":"wp","href":"https:\/\/api.w.org\/{rel}","templated":true}]}}