{"id":37087,"date":"2022-05-17T13:56:57","date_gmt":"2022-05-17T13:56:57","guid":{"rendered":"https:\/\/www.mchale.net\/products\/v6740\/"},"modified":"2026-01-14T10:39:10","modified_gmt":"2026-01-14T10:39:10","slug":"v6740","status":"publish","type":"product","link":"https:\/\/www.mchale.net\/hu\/products\/v6740\/","title":{"rendered":"V6740"},"content":{"rendered":"<p>Szeletel\u0151 n\u00e9lk\u00fcli v\u00e1ltoz\u00f3kamr\u00e1s b\u00e1l\u00e1z\u00f3<\/p>\n","protected":false},"excerpt":{"rendered":"<p>Szeletel\u0151 n\u00e9lk\u00fcli v\u00e1ltoz\u00f3kamr\u00e1s b\u00e1l\u00e1z\u00f3<\/p>\n","protected":false},"author":1,"featured_media":124717,"menu_order":35,"comment_status":"open","ping_status":"open","template":"","format":"standard","meta":{"_acf_changed":false,"footnotes":""},"product-categories":[196],"class_list":["post-37087","product","type-product","status-publish","format-standard","has-post-thumbnail","hentry","product-categories-variable-chamber-round-balers-hu"],"acf":[],"_links":{"self":[{"href":"https:\/\/www.mchale.net\/hu\/wp-json\/wp\/v2\/product\/37087","targetHints":{"allow":["GET"]}}],"collection":[{"href":"https:\/\/www.mchale.net\/hu\/wp-json\/wp\/v2\/product"}],"about":[{"href":"https:\/\/www.mchale.net\/hu\/wp-json\/wp\/v2\/types\/product"}],"author":[{"embeddable":true,"href":"https:\/\/www.mchale.net\/hu\/wp-json\/wp\/v2\/users\/1"}],"replies":[{"embeddable":true,"href":"https:\/\/www.mchale.net\/hu\/wp-json\/wp\/v2\/comments?post=37087"}],"version-history":[{"count":10,"href":"https:\/\/www.mchale.net\/hu\/wp-json\/wp\/v2\/product\/37087\/revisions"}],"predecessor-version":[{"id":125823,"href":"https:\/\/www.mchale.net\/hu\/wp-json\/wp\/v2\/product\/37087\/revisions\/125823"}],"wp:featuredmedia":[{"embeddable":true,"href":"https:\/\/www.mchale.net\/hu\/wp-json\/wp\/v2\/media\/124717"}],"wp:attachment":[{"href":"https:\/\/www.mchale.net\/hu\/wp-json\/wp\/v2\/media?parent=37087"}],"wp:term":[{"taxonomy":"product-categories","embeddable":true,"href":"https:\/\/www.mchale.net\/hu\/wp-json\/wp\/v2\/product-categories?post=37087"}],"curies":[{"name":"wp","href":"https:\/\/api.w.org\/{rel}","templated":true}]}}