{"id":37088,"date":"2022-05-17T10:28:50","date_gmt":"2022-05-17T10:28:50","guid":{"rendered":"https:\/\/www.mchale.net\/products\/v6750\/"},"modified":"2026-01-14T10:08:28","modified_gmt":"2026-01-14T10:08:28","slug":"v6750","status":"publish","type":"product","link":"https:\/\/www.mchale.net\/hu\/products\/v6750\/","title":{"rendered":"V6750"},"content":{"rendered":"<p>15 szeletel\u0151k\u00e9ses, v\u00e1ltoz\u00f3kamr\u00e1s b\u00e1l\u00e1z\u00f3<\/p>\n","protected":false},"excerpt":{"rendered":"<p>15 szeletel\u0151k\u00e9ses, v\u00e1ltoz\u00f3kamr\u00e1s b\u00e1l\u00e1z\u00f3<\/p>\n","protected":false},"author":1,"featured_media":124807,"menu_order":36,"comment_status":"open","ping_status":"open","template":"","format":"standard","meta":{"_acf_changed":false,"footnotes":""},"product-categories":[196],"class_list":["post-37088","product","type-product","status-publish","format-standard","has-post-thumbnail","hentry","product-categories-variable-chamber-round-balers-hu"],"acf":[],"_links":{"self":[{"href":"https:\/\/www.mchale.net\/hu\/wp-json\/wp\/v2\/product\/37088","targetHints":{"allow":["GET"]}}],"collection":[{"href":"https:\/\/www.mchale.net\/hu\/wp-json\/wp\/v2\/product"}],"about":[{"href":"https:\/\/www.mchale.net\/hu\/wp-json\/wp\/v2\/types\/product"}],"author":[{"embeddable":true,"href":"https:\/\/www.mchale.net\/hu\/wp-json\/wp\/v2\/users\/1"}],"replies":[{"embeddable":true,"href":"https:\/\/www.mchale.net\/hu\/wp-json\/wp\/v2\/comments?post=37088"}],"version-history":[{"count":10,"href":"https:\/\/www.mchale.net\/hu\/wp-json\/wp\/v2\/product\/37088\/revisions"}],"predecessor-version":[{"id":125800,"href":"https:\/\/www.mchale.net\/hu\/wp-json\/wp\/v2\/product\/37088\/revisions\/125800"}],"wp:featuredmedia":[{"embeddable":true,"href":"https:\/\/www.mchale.net\/hu\/wp-json\/wp\/v2\/media\/124807"}],"wp:attachment":[{"href":"https:\/\/www.mchale.net\/hu\/wp-json\/wp\/v2\/media?parent=37088"}],"wp:term":[{"taxonomy":"product-categories","embeddable":true,"href":"https:\/\/www.mchale.net\/hu\/wp-json\/wp\/v2\/product-categories?post=37088"}],"curies":[{"name":"wp","href":"https:\/\/api.w.org\/{rel}","templated":true}]}}