{"id":37089,"date":"2022-05-17T13:29:32","date_gmt":"2022-05-17T13:29:32","guid":{"rendered":"https:\/\/www.mchale.net\/products\/v8940\/"},"modified":"2026-01-14T10:09:55","modified_gmt":"2026-01-14T10:09:55","slug":"v8940","status":"publish","type":"product","link":"https:\/\/www.mchale.net\/hu\/products\/v8940\/","title":{"rendered":"V8940"},"content":{"rendered":"<p>Nagy kapacit\u00e1s\u00fa, szeletel\u0151 n\u00e9lk\u00fcli, v\u00e1ltoz\u00f3kamr\u00e1s b\u00e1l\u00e1z\u00f3<\/p>\n","protected":false},"excerpt":{"rendered":"<p>Nagy kapacit\u00e1s\u00fa, szeletel\u0151 n\u00e9lk\u00fcli, v\u00e1ltoz\u00f3kamr\u00e1s b\u00e1l\u00e1z\u00f3<\/p>\n","protected":false},"author":1,"featured_media":124952,"menu_order":38,"comment_status":"open","ping_status":"open","template":"","format":"standard","meta":{"_acf_changed":false,"footnotes":""},"product-categories":[196],"class_list":["post-37089","product","type-product","status-publish","format-standard","has-post-thumbnail","hentry","product-categories-variable-chamber-round-balers-hu"],"acf":[],"_links":{"self":[{"href":"https:\/\/www.mchale.net\/hu\/wp-json\/wp\/v2\/product\/37089","targetHints":{"allow":["GET"]}}],"collection":[{"href":"https:\/\/www.mchale.net\/hu\/wp-json\/wp\/v2\/product"}],"about":[{"href":"https:\/\/www.mchale.net\/hu\/wp-json\/wp\/v2\/types\/product"}],"author":[{"embeddable":true,"href":"https:\/\/www.mchale.net\/hu\/wp-json\/wp\/v2\/users\/1"}],"replies":[{"embeddable":true,"href":"https:\/\/www.mchale.net\/hu\/wp-json\/wp\/v2\/comments?post=37089"}],"version-history":[{"count":6,"href":"https:\/\/www.mchale.net\/hu\/wp-json\/wp\/v2\/product\/37089\/revisions"}],"predecessor-version":[{"id":125802,"href":"https:\/\/www.mchale.net\/hu\/wp-json\/wp\/v2\/product\/37089\/revisions\/125802"}],"wp:featuredmedia":[{"embeddable":true,"href":"https:\/\/www.mchale.net\/hu\/wp-json\/wp\/v2\/media\/124952"}],"wp:attachment":[{"href":"https:\/\/www.mchale.net\/hu\/wp-json\/wp\/v2\/media?parent=37089"}],"wp:term":[{"taxonomy":"product-categories","embeddable":true,"href":"https:\/\/www.mchale.net\/hu\/wp-json\/wp\/v2\/product-categories?post=37089"}],"curies":[{"name":"wp","href":"https:\/\/api.w.org\/{rel}","templated":true}]}}