{"id":72987,"date":"2023-06-19T14:25:37","date_gmt":"2023-06-19T14:25:37","guid":{"rendered":"https:\/\/www.mchale.net\/products\/v6760\/"},"modified":"2026-01-14T10:09:17","modified_gmt":"2026-01-14T10:09:17","slug":"v6760","status":"publish","type":"product","link":"https:\/\/www.mchale.net\/hu\/products\/v6760\/","title":{"rendered":"V6760"},"content":{"rendered":"<p>Teljesen automata b\u00e1l\u00e1z\u00f3<\/p>\n","protected":false},"excerpt":{"rendered":"<p>Teljesen automata b\u00e1l\u00e1z\u00f3<\/p>\n","protected":false},"author":5,"featured_media":125071,"menu_order":37,"comment_status":"open","ping_status":"open","template":"","format":"standard","meta":{"_acf_changed":false,"footnotes":""},"product-categories":[196],"class_list":["post-72987","product","type-product","status-publish","format-standard","has-post-thumbnail","hentry","product-categories-variable-chamber-round-balers-hu"],"acf":[],"_links":{"self":[{"href":"https:\/\/www.mchale.net\/hu\/wp-json\/wp\/v2\/product\/72987","targetHints":{"allow":["GET"]}}],"collection":[{"href":"https:\/\/www.mchale.net\/hu\/wp-json\/wp\/v2\/product"}],"about":[{"href":"https:\/\/www.mchale.net\/hu\/wp-json\/wp\/v2\/types\/product"}],"author":[{"embeddable":true,"href":"https:\/\/www.mchale.net\/hu\/wp-json\/wp\/v2\/users\/5"}],"replies":[{"embeddable":true,"href":"https:\/\/www.mchale.net\/hu\/wp-json\/wp\/v2\/comments?post=72987"}],"version-history":[{"count":4,"href":"https:\/\/www.mchale.net\/hu\/wp-json\/wp\/v2\/product\/72987\/revisions"}],"predecessor-version":[{"id":125801,"href":"https:\/\/www.mchale.net\/hu\/wp-json\/wp\/v2\/product\/72987\/revisions\/125801"}],"wp:featuredmedia":[{"embeddable":true,"href":"https:\/\/www.mchale.net\/hu\/wp-json\/wp\/v2\/media\/125071"}],"wp:attachment":[{"href":"https:\/\/www.mchale.net\/hu\/wp-json\/wp\/v2\/media?parent=72987"}],"wp:term":[{"taxonomy":"product-categories","embeddable":true,"href":"https:\/\/www.mchale.net\/hu\/wp-json\/wp\/v2\/product-categories?post=72987"}],"curies":[{"name":"wp","href":"https:\/\/api.w.org\/{rel}","templated":true}]}}