{"id":118037,"date":"2023-09-18T11:53:27","date_gmt":"2023-09-18T11:53:27","guid":{"rendered":"https:\/\/www.mchale.net\/products\/przetrzasacz-propel-t8-1020\/"},"modified":"2024-10-07T14:41:37","modified_gmt":"2024-10-07T14:41:37","slug":"przetrzasacz-propel-t8-1020","status":"publish","type":"product","link":"https:\/\/www.mchale.net\/pl\/products\/przetrzasacz-propel-t8-1020\/","title":{"rendered":"Przetrz\u0105sacz ProPel T8-1020"},"content":{"rendered":"<p>Przetrz\u0105sacz ci\u0105gniony<\/p>\n","protected":false},"excerpt":{"rendered":"<p>Przetrz\u0105sacz ci\u0105gniony<\/p>\n","protected":false},"author":5,"featured_media":72514,"menu_order":1,"comment_status":"closed","ping_status":"open","template":"","format":"standard","meta":{"_acf_changed":false,"footnotes":""},"product-categories":[1873],"class_list":["post-118037","product","type-product","status-publish","format-standard","has-post-thumbnail","hentry","product-categories-propel-przetrzasacze"],"acf":[],"_links":{"self":[{"href":"https:\/\/www.mchale.net\/pl\/wp-json\/wp\/v2\/product\/118037","targetHints":{"allow":["GET"]}}],"collection":[{"href":"https:\/\/www.mchale.net\/pl\/wp-json\/wp\/v2\/product"}],"about":[{"href":"https:\/\/www.mchale.net\/pl\/wp-json\/wp\/v2\/types\/product"}],"author":[{"embeddable":true,"href":"https:\/\/www.mchale.net\/pl\/wp-json\/wp\/v2\/users\/5"}],"replies":[{"embeddable":true,"href":"https:\/\/www.mchale.net\/pl\/wp-json\/wp\/v2\/comments?post=118037"}],"version-history":[{"count":3,"href":"https:\/\/www.mchale.net\/pl\/wp-json\/wp\/v2\/product\/118037\/revisions"}],"predecessor-version":[{"id":121056,"href":"https:\/\/www.mchale.net\/pl\/wp-json\/wp\/v2\/product\/118037\/revisions\/121056"}],"wp:featuredmedia":[{"embeddable":true,"href":"https:\/\/www.mchale.net\/pl\/wp-json\/wp\/v2\/media\/72514"}],"wp:attachment":[{"href":"https:\/\/www.mchale.net\/pl\/wp-json\/wp\/v2\/media?parent=118037"}],"wp:term":[{"taxonomy":"product-categories","embeddable":true,"href":"https:\/\/www.mchale.net\/pl\/wp-json\/wp\/v2\/product-categories?post=118037"}],"curies":[{"name":"wp","href":"https:\/\/api.w.org\/{rel}","templated":true}]}}