{"id":122235,"date":"2024-09-16T14:50:27","date_gmt":"2024-09-16T14:50:27","guid":{"rendered":"https:\/\/www.mchale.net\/products\/f5-560-plus\/"},"modified":"2025-01-30T13:53:09","modified_gmt":"2025-01-30T13:53:09","slug":"f5-560-plus","status":"publish","type":"product","link":"https:\/\/www.mchale.net\/pl\/products\/f5-560-plus\/","title":{"rendered":"F5-560-Plus"},"content":{"rendered":"<p>Prasa roluj\u0105ca z 25 no\u017cami i technologi\u0105 wi\u0105zania foli\u0105<\/p>\n","protected":false},"excerpt":{"rendered":"<p>Prasa roluj\u0105ca z 25 no\u017cami i technologi\u0105 wi\u0105zania foli\u0105<\/p>\n","protected":false},"author":5,"featured_media":120164,"menu_order":56,"comment_status":"open","ping_status":"open","template":"","format":"standard","meta":{"_acf_changed":false,"footnotes":""},"product-categories":[188],"class_list":["post-122235","product","type-product","status-publish","format-standard","has-post-thumbnail","hentry","product-categories-fixed-chamber-round-balers-pl"],"acf":[],"_links":{"self":[{"href":"https:\/\/www.mchale.net\/pl\/wp-json\/wp\/v2\/product\/122235","targetHints":{"allow":["GET"]}}],"collection":[{"href":"https:\/\/www.mchale.net\/pl\/wp-json\/wp\/v2\/product"}],"about":[{"href":"https:\/\/www.mchale.net\/pl\/wp-json\/wp\/v2\/types\/product"}],"author":[{"embeddable":true,"href":"https:\/\/www.mchale.net\/pl\/wp-json\/wp\/v2\/users\/5"}],"replies":[{"embeddable":true,"href":"https:\/\/www.mchale.net\/pl\/wp-json\/wp\/v2\/comments?post=122235"}],"version-history":[{"count":2,"href":"https:\/\/www.mchale.net\/pl\/wp-json\/wp\/v2\/product\/122235\/revisions"}],"predecessor-version":[{"id":122240,"href":"https:\/\/www.mchale.net\/pl\/wp-json\/wp\/v2\/product\/122235\/revisions\/122240"}],"wp:featuredmedia":[{"embeddable":true,"href":"https:\/\/www.mchale.net\/pl\/wp-json\/wp\/v2\/media\/120164"}],"wp:attachment":[{"href":"https:\/\/www.mchale.net\/pl\/wp-json\/wp\/v2\/media?parent=122235"}],"wp:term":[{"taxonomy":"product-categories","embeddable":true,"href":"https:\/\/www.mchale.net\/pl\/wp-json\/wp\/v2\/product-categories?post=122235"}],"curies":[{"name":"wp","href":"https:\/\/api.w.org\/{rel}","templated":true}]}}