{"id":125213,"date":"2023-11-07T14:17:04","date_gmt":"2023-11-07T14:17:04","guid":{"rendered":"https:\/\/www.mchale.net\/products\/v8960-ii\/"},"modified":"2025-11-07T16:26:35","modified_gmt":"2025-11-07T16:26:35","slug":"v8960-ii","status":"publish","type":"product","link":"https:\/\/www.mchale.net\/pl\/products\/v8960-ii\/","title":{"rendered":"V8960-II"},"content":{"rendered":"<p>W pe\u0142ni automatyczna prasa zwijaj\u0105ca o du\u017cej wydajno\u015bci<\/p>\n","protected":false},"excerpt":{"rendered":"<p>W pe\u0142ni automatyczna prasa zwijaj\u0105ca o du\u017cej wydajno\u015bci<\/p>\n","protected":false},"author":5,"featured_media":125162,"menu_order":40,"comment_status":"open","ping_status":"open","template":"","format":"standard","meta":{"_acf_changed":false,"footnotes":""},"product-categories":[200],"class_list":["post-125213","product","type-product","status-publish","format-standard","has-post-thumbnail","hentry","product-categories-variable-chamber-round-balers-pl"],"acf":[],"_links":{"self":[{"href":"https:\/\/www.mchale.net\/pl\/wp-json\/wp\/v2\/product\/125213","targetHints":{"allow":["GET"]}}],"collection":[{"href":"https:\/\/www.mchale.net\/pl\/wp-json\/wp\/v2\/product"}],"about":[{"href":"https:\/\/www.mchale.net\/pl\/wp-json\/wp\/v2\/types\/product"}],"author":[{"embeddable":true,"href":"https:\/\/www.mchale.net\/pl\/wp-json\/wp\/v2\/users\/5"}],"replies":[{"embeddable":true,"href":"https:\/\/www.mchale.net\/pl\/wp-json\/wp\/v2\/comments?post=125213"}],"version-history":[{"count":2,"href":"https:\/\/www.mchale.net\/pl\/wp-json\/wp\/v2\/product\/125213\/revisions"}],"predecessor-version":[{"id":125260,"href":"https:\/\/www.mchale.net\/pl\/wp-json\/wp\/v2\/product\/125213\/revisions\/125260"}],"wp:featuredmedia":[{"embeddable":true,"href":"https:\/\/www.mchale.net\/pl\/wp-json\/wp\/v2\/media\/125162"}],"wp:attachment":[{"href":"https:\/\/www.mchale.net\/pl\/wp-json\/wp\/v2\/media?parent=125213"}],"wp:term":[{"taxonomy":"product-categories","embeddable":true,"href":"https:\/\/www.mchale.net\/pl\/wp-json\/wp\/v2\/product-categories?post=125213"}],"curies":[{"name":"wp","href":"https:\/\/api.w.org\/{rel}","templated":true}]}}