{"id":32517,"date":"2022-05-18T09:34:45","date_gmt":"2022-05-18T09:34:45","guid":{"rendered":"https:\/\/www.mchale.net\/products\/v8950\/"},"modified":"2025-11-07T16:25:36","modified_gmt":"2025-11-07T16:25:36","slug":"v8950","status":"publish","type":"product","link":"https:\/\/www.mchale.net\/pl\/products\/v8950\/","title":{"rendered":"V8950-II"},"content":{"rendered":"<p>15-no\u017cowa prasa roluj\u0105ca z powi\u0119kszon\u0105 komor\u0105<\/p>\n","protected":false},"excerpt":{"rendered":"<p>15-no\u017cowa prasa roluj\u0105ca z powi\u0119kszon\u0105 komor\u0105<\/p>\n","protected":false},"author":1,"featured_media":124993,"menu_order":39,"comment_status":"open","ping_status":"open","template":"","format":"standard","meta":{"_acf_changed":false,"footnotes":""},"product-categories":[200],"class_list":["post-32517","product","type-product","status-publish","format-standard","has-post-thumbnail","hentry","product-categories-variable-chamber-round-balers-pl"],"acf":[],"_links":{"self":[{"href":"https:\/\/www.mchale.net\/pl\/wp-json\/wp\/v2\/product\/32517","targetHints":{"allow":["GET"]}}],"collection":[{"href":"https:\/\/www.mchale.net\/pl\/wp-json\/wp\/v2\/product"}],"about":[{"href":"https:\/\/www.mchale.net\/pl\/wp-json\/wp\/v2\/types\/product"}],"author":[{"embeddable":true,"href":"https:\/\/www.mchale.net\/pl\/wp-json\/wp\/v2\/users\/1"}],"replies":[{"embeddable":true,"href":"https:\/\/www.mchale.net\/pl\/wp-json\/wp\/v2\/comments?post=32517"}],"version-history":[{"count":10,"href":"https:\/\/www.mchale.net\/pl\/wp-json\/wp\/v2\/product\/32517\/revisions"}],"predecessor-version":[{"id":125259,"href":"https:\/\/www.mchale.net\/pl\/wp-json\/wp\/v2\/product\/32517\/revisions\/125259"}],"wp:featuredmedia":[{"embeddable":true,"href":"https:\/\/www.mchale.net\/pl\/wp-json\/wp\/v2\/media\/124993"}],"wp:attachment":[{"href":"https:\/\/www.mchale.net\/pl\/wp-json\/wp\/v2\/media?parent=32517"}],"wp:term":[{"taxonomy":"product-categories","embeddable":true,"href":"https:\/\/www.mchale.net\/pl\/wp-json\/wp\/v2\/product-categories?post=32517"}],"curies":[{"name":"wp","href":"https:\/\/api.w.org\/{rel}","templated":true}]}}