{"id":32521,"date":"2022-05-17T13:29:32","date_gmt":"2022-05-17T13:29:32","guid":{"rendered":"https:\/\/www.mchale.net\/products\/v8940\/"},"modified":"2025-11-07T16:24:56","modified_gmt":"2025-11-07T16:24:56","slug":"v8940","status":"publish","type":"product","link":"https:\/\/www.mchale.net\/pl\/products\/v8940\/","title":{"rendered":"V8940-II"},"content":{"rendered":"<p>Prasa bez no\u017cy, z powi\u0119kszon\u0105 komor\u0105<\/p>\n","protected":false},"excerpt":{"rendered":"<p>Prasa bez no\u017cy, z powi\u0119kszon\u0105 komor\u0105<\/p>\n","protected":false},"author":1,"featured_media":124956,"menu_order":38,"comment_status":"open","ping_status":"open","template":"","format":"standard","meta":{"_acf_changed":false,"footnotes":""},"product-categories":[200],"class_list":["post-32521","product","type-product","status-publish","format-standard","has-post-thumbnail","hentry","product-categories-variable-chamber-round-balers-pl"],"acf":[],"_links":{"self":[{"href":"https:\/\/www.mchale.net\/pl\/wp-json\/wp\/v2\/product\/32521","targetHints":{"allow":["GET"]}}],"collection":[{"href":"https:\/\/www.mchale.net\/pl\/wp-json\/wp\/v2\/product"}],"about":[{"href":"https:\/\/www.mchale.net\/pl\/wp-json\/wp\/v2\/types\/product"}],"author":[{"embeddable":true,"href":"https:\/\/www.mchale.net\/pl\/wp-json\/wp\/v2\/users\/1"}],"replies":[{"embeddable":true,"href":"https:\/\/www.mchale.net\/pl\/wp-json\/wp\/v2\/comments?post=32521"}],"version-history":[{"count":10,"href":"https:\/\/www.mchale.net\/pl\/wp-json\/wp\/v2\/product\/32521\/revisions"}],"predecessor-version":[{"id":125258,"href":"https:\/\/www.mchale.net\/pl\/wp-json\/wp\/v2\/product\/32521\/revisions\/125258"}],"wp:featuredmedia":[{"embeddable":true,"href":"https:\/\/www.mchale.net\/pl\/wp-json\/wp\/v2\/media\/124956"}],"wp:attachment":[{"href":"https:\/\/www.mchale.net\/pl\/wp-json\/wp\/v2\/media?parent=32521"}],"wp:term":[{"taxonomy":"product-categories","embeddable":true,"href":"https:\/\/www.mchale.net\/pl\/wp-json\/wp\/v2\/product-categories?post=32521"}],"curies":[{"name":"wp","href":"https:\/\/api.w.org\/{rel}","templated":true}]}}